{"id":184,"date":"2025-11-10T11:22:37","date_gmt":"2025-11-10T10:22:37","guid":{"rendered":"https:\/\/daext.com\/it\/?page_id=184"},"modified":"2025-11-10T11:22:38","modified_gmt":"2025-11-10T10:22:38","slug":"termini-e-condizioni","status":"publish","type":"page","link":"https:\/\/daext.com\/it\/termini-e-condizioni\/","title":{"rendered":"Termini e condizioni"},"content":{"rendered":"\n<p><strong>Nota:<\/strong> Le versioni tradotte di accordi e informative legali vengono fornite solo al fine di facilitare la lettura e la comprensione delle versioni in inglese. La fornitura delle traduzioni di accordi e informative legali non ha come obiettivo quello di creare un contratto legalmente vincolante, n\u00e9 quello di sostituire la validit\u00e0 legale delle versioni in inglese. In caso di controversie o conflitti, le versioni in inglese di accordi e informative legali regolano il nostro rapporto e prevarranno sui termini tradotti in altre lingue.<\/p>\n\n\n\n<p>Ultimo aggiornamento: 10 Novembre 2025<\/p>\n\n\n\n<p>Ti invitiamo a leggere attentamente i presenti termini e condizioni prima di utilizzare il nostro sito web.<\/p>\n\n\n\n<h2 class=\"wp-block-heading\" id=\"interpretazione-e-definizioni\">Interpretazione e definizioni<\/h2>\n\n\n\n<h3 class=\"wp-block-heading\" id=\"interpretazione\">Interpretazione<\/h3>\n\n\n\n<p>I termini definiti di seguito hanno i significati indicati in questa sezione. Tali significati si applicano indipendentemente dal fatto che i termini siano usati al singolare o al plurale. Che un termine sia scritto con l\u2019iniziale maiuscola o meno, il suo significato definito rimane invariato.<\/p>\n\n\n\n<h3 class=\"wp-block-heading\" id=\"definizioni\">Definizioni<\/h3>\n\n\n\n<p>Ai fini dei presenti Termini e Condizioni:<\/p>\n\n\n\n<ul class=\"wp-block-list\">\n<li><strong>Societ\u00e0<\/strong> (indicata come \u201cla Societ\u00e0\u201d, \u201cNoi\u201d, \u201cCi\u201d o \u201cNostro\u201d nel presente Accordo) si riferisce a DAEXT di A. D., con sede in Via dei Fontanili 60, 25016 Ghedi (BS), Italia.<\/li>\n\n\n\n<li><strong>Servizio<\/strong> si riferisce al Sito Web.<\/li>\n\n\n\n<li><strong>Termini e Condizioni<\/strong> (anche indicati come \u201cTermini\u201d) rappresentano i presenti Termini e Condizioni che costituiscono l\u2019intero accordo tra Te e la Societ\u00e0 in relazione all\u2019utilizzo del Servizio.<\/li>\n\n\n\n<li><strong>Sito Web<\/strong> si riferisce a DAEXT, accessibile all\u2019indirizzo <a href=\"https:\/\/daext.com\">https:\/\/daext.com<\/a><\/li>\n\n\n\n<li><strong>Tu<\/strong> indica l\u2019individuo che accede o utilizza il Servizio, oppure la societ\u00e0 o altra entit\u00e0 giuridica per conto della quale tale individuo accede o utilizza il Servizio, a seconda dei casi.<\/li>\n<\/ul>\n\n\n\n<h2 class=\"wp-block-heading\" id=\"informazioni-sulla-societ\u00e0\">Informazioni sulla societ\u00e0<\/h2>\n\n\n\n<p>DAEXT di A. D. \u00e8 registrata in Italia con numero REA BS-562411, numero di partita IVA europea IT03781130988 e codice fiscale NDRDNL81E06E526N.<\/p>\n\n\n\n<h2 class=\"wp-block-heading\" id=\"consegna-dei-plugin\">Consegna dei plugin<\/h2>\n\n\n\n<p>Dopo il completamento del pagamento, riceverai un\u2019email con le credenziali per accedere ai file del plugin e alla chiave di licenza dal tuo account. Potrai accedere ai file del plugin e alla chiave di licenza per tutto il periodo in cui la tua chiave di licenza rester\u00e0 valida.<\/p>\n\n\n\n<p>Se la tua chiave di licenza scade, viene revocata o rimborsata, l\u2019accesso al download sar\u00e0 sospeso fino al rinnovo della licenza.<\/p>\n\n\n\n<h2 class=\"wp-block-heading\" id=\"aggiornamenti-dei-plugin\">Aggiornamenti dei plugin<\/h2>\n\n\n\n<p>Puoi scaricare l\u2019ultima versione del plugin dalla pagina del tuo account. Le versioni precedenti sono disponibili su richiesta.<\/p>\n\n\n\n<h2 class=\"wp-block-heading\" id=\"assistenza-sui-plugin\">Assistenza sui plugin<\/h2>\n\n\n\n<p>Quando acquisti un plugin da noi, puoi ricevere assistenza finch\u00e9 disponi di una chiave di licenza valida.<\/p>\n\n\n\n<p>L\u2019assistenza include:<\/p>\n\n\n\n<ul class=\"wp-block-list\">\n<li>Risposte a domande tecniche sulle funzionalit\u00e0 del prodotto<\/li>\n\n\n\n<li>Supporto per bug o problemi segnalati<\/li>\n\n\n\n<li>Aiuto riguardante risorse di terze parti incluse<\/li>\n<\/ul>\n\n\n\n<p>L\u2019assistenza non include:<\/p>\n\n\n\n<ul class=\"wp-block-list\">\n<li>Servizi di personalizzazione<\/li>\n\n\n\n<li>Servizi di installazione<\/li>\n<\/ul>\n\n\n\n<p>Facciamo del nostro meglio per fornire il miglior supporto possibile, ma non garantiamo che ogni richiesta venga risolta secondo la tua completa soddisfazione o entro un periodo di tempo specifico.<\/p>\n\n\n\n<p>Ci impegniamo a rispondere alle richieste di supporto entro tempi adeguati. I nostri orari ufficiali di assistenza sono dalle 8:00 alle 17:00, ora locale di Roma, dal luned\u00ec al venerd\u00ec, esclusi i giorni festivi.<\/p>\n\n\n\n<p>Rispondiamo alle richieste standard entro 1 giorno lavorativo e alle richieste di follow-up entro 2 giorni lavorativi.<\/p>\n\n\n\n<p>Sebbene non possiamo garantire la risoluzione entro tali termini, ci impegniamo a riconoscere la richiesta e a comunicare con il cliente per risolvere il problema.<\/p>\n\n\n\n<h2 class=\"wp-block-heading\" id=\"licenze-dei-plugin\">Licenze dei plugin<\/h2>\n\n\n\n<p>L\u2019acquisto di un plugin da noi ti concede una licenza limitata, non esclusiva, per l\u2019utilizzo del plugin ai sensi dei presenti termini e condizioni.<\/p>\n\n\n\n<h3 class=\"wp-block-heading\" id=\"licenza-software\">Licenza software<\/h3>\n\n\n\n<p>Il software di tutti i nostri plugin \u00e8 concesso in licenza ai sensi della <a href=\"https:\/\/www.gnu.org\/licenses\/gpl-3.0.txt\">GNU General Public License v3.0<\/a> o versioni successive.<\/p>\n\n\n\n<h3 class=\"wp-block-heading\" id=\"chiave-di-licenza-del-plugin\">Chiave di licenza del plugin<\/h3>\n\n\n\n<p>Oltre alla licenza software, riceverai una chiave di licenza del plugin non trasferibile.<\/p>\n\n\n\n<p>Le chiavi di licenza del plugin sono valide per 1 anno dalla data di acquisto e devono essere rinnovate annualmente per restare valide. Prima della scadenza, ti contatteremo fornendoti le istruzioni per il rinnovo.<\/p>\n\n\n\n<p>\u00c8 necessaria una chiave di licenza valida e attiva per accedere agli aggiornamenti e al supporto del plugin.<\/p>\n\n\n\n<p>Non \u00e8 consentito condividere, vendere o concedere a terzi l\u2019accesso alla propria chiave di licenza. Le chiavi possono essere trasferite solo contattandoci per richiedere il trasferimento a un nuovo titolare.<\/p>\n\n\n\n<p>Ci riserviamo il diritto di revocare qualsiasi chiave di licenza utilizzata in modo non conforme ai presenti Termini e Condizioni.<\/p>\n\n\n\n<h3 class=\"wp-block-heading\" id=\"abbonamento\">Abbonamento<\/h3>\n\n\n\n<p>Al momento dell\u2019acquisto di un plugin, viene creato automaticamente un abbonamento annuale utilizzando il metodo di pagamento scelto. Se l\u2019abbonamento rimane attivo, la chiave di licenza verr\u00e0 rinnovata automaticamente ogni anno, consentendoti di continuare a ricevere aggiornamenti e supporto senza interruzioni. L\u2019addebito annuale avverr\u00e0 automaticamente utilizzando il metodo di pagamento originario.<\/p>\n\n\n\n<p>Puoi annullare l\u2019abbonamento in qualsiasi momento dal tuo <a href=\"https:\/\/daext.com\/account\/\">account<\/a> o contattandoci all\u2019indirizzo <a href=\"mailto:support@daext.com\">support@daext.com<\/a>.<\/p>\n\n\n\n<p>Se annulli l\u2019abbonamento prima della scadenza della licenza, continuerai a ricevere aggiornamenti e supporto fino al termine del periodo di 1 anno.<\/p>\n\n\n\n<p>Dopo la scadenza della licenza annuale, potrai continuare a utilizzare il plugin, ma non riceverai pi\u00f9 aggiornamenti o supporto. Non \u00e8 garantito che il plugin continui a funzionare con le future versioni di WordPress.<\/p>\n\n\n\n<p>Se la tua licenza annuale \u00e8 scaduta, puoi riacquistare il plugin in qualsiasi momento. Il nuovo acquisto ti fornir\u00e0 una nuova chiave di licenza e ripristiner\u00e0 l\u2019accesso ad aggiornamenti e supporto.<\/p>\n\n\n\n<h2 class=\"wp-block-heading\" id=\"modifiche-ai-prezzi\">Modifiche ai prezzi<\/h2>\n\n\n\n<p>Ci riserviamo il diritto di modificare, aggiornare, annullare o rivedere i prezzi o i termini di un abbonamento o di una chiave di licenza in qualsiasi momento, senza preavviso o consenso.<\/p>\n\n\n\n<p>Se hai un abbonamento attivo, il rinnovo avverr\u00e0 al prezzo originario pagato. Se l\u2019abbonamento \u00e8 stato annullato, dovrai rinnovare la licenza al prezzo vigente al momento dell\u2019acquisto.<\/p>\n\n\n\n<h2 class=\"wp-block-heading\" id=\"propriet\u00e0\">Propriet\u00e0<\/h2>\n\n\n\n<p>Tutti i plugin venduti su questo sito sono di nostra propriet\u00e0. Non \u00e8 consentito rivendicare diritti di propriet\u00e0 intellettuale o esclusiva su alcuno dei nostri plugin.<\/p>\n\n\n\n<h2 class=\"wp-block-heading\" id=\"contenuti-del-sito-web-e-dei-plugin\">Contenuti del sito web e dei plugin<\/h2>\n\n\n\n<p>Tutti i contenuti presenti su questo sito web e all\u2019interno dei plugin sono di nostra propriet\u00e0, inclusi immagini, video, documentazione e altre informazioni. Non possono essere redistribuiti senza la nostra autorizzazione.<\/p>\n\n\n\n<h2 class=\"wp-block-heading\" id=\"garanzia\">Garanzia<\/h2>\n\n\n\n<p>I nostri plugin sono garantiti per funzionare correttamente su una nuova installazione di WordPress che utilizza un tema predefinito. Non garantiamo il corretto funzionamento con plugin, temi o browser di terze parti, n\u00e9 con tutti gli hosting. In caso di problemi di compatibilit\u00e0, forniremo supporto nel miglior modo possibile, in conformit\u00e0 con la nostra politica di assistenza.<\/p>\n\n\n\n<p>I nostri plugin sono forniti \u201ccos\u00ec come sono\u201d, senza alcuna garanzia, espressa o implicita (come previsto dalla licenza GPL v3). Non saremo responsabili di eventuali danni derivanti dall\u2019uso o dall\u2019impossibilit\u00e0 di utilizzare i nostri plugin, inclusi, a titolo esemplificativo, danni diretti, indiretti, speciali, incidentali, consequenziali o perdite di dati.<\/p>\n\n\n\n<h2 class=\"wp-block-heading\" id=\"rimborsi\">Rimborsi<\/h2>\n\n\n\n<p>Hai diritto di annullare il tuo ordine entro 30 giorni senza fornire alcuna motivazione. Per ulteriori informazioni, ti invitiamo a consultare la nostra <a href=\"https:\/\/daext.com\/it\/politica-di-rimborso\/\">Politica di Rimborso<\/a>.<\/p>\n\n\n\n<h2 class=\"wp-block-heading\" id=\"accordo-di-licenza\">Accordo di licenza<\/h2>\n\n\n\n<p>Acquistando un plugin da noi, dichiari e confermi di aver letto e accettato i presenti termini e condizioni.<\/p>\n\n\n\n<h2 class=\"wp-block-heading\" id=\"risoluzione-delle-controversie\">Risoluzione delle controversie<\/h2>\n\n\n\n<p>Se hai dubbi o controversie in merito al servizio, accetti di cercare prima una risoluzione informale contattando la societ\u00e0.<\/p>\n\n\n\n<h2 class=\"wp-block-heading\" id=\"clausola-di-separabilit\u00e0\">Clausola di separabilit\u00e0<\/h2>\n\n\n\n<p>Se una qualsiasi disposizione dei presenti termini dovesse risultare invalida o inapplicabile, tale disposizione sar\u00e0 modificata e interpretata nella misura massima consentita dalla legge, in modo da raggiungere gli obiettivi della disposizione stessa. Le restanti disposizioni continueranno a essere pienamente valide ed efficaci.<\/p>\n\n\n\n<h2 class=\"wp-block-heading\" id=\"modifiche-ai-termini-e-condizioni\">Modifiche ai termini e condizioni<\/h2>\n\n\n\n<p>Ci riserviamo il diritto, a nostra esclusiva discrezione, di modificare o sostituire in qualsiasi momento i presenti Termini per qualsiasi motivo, senza preavviso o consenso. Puoi visitare questa pagina in qualsiasi momento per consultare la versione pi\u00f9 aggiornata.<\/p>\n","protected":false},"excerpt":{"rendered":"<p>Nota: Le versioni tradotte di accordi e informative legali vengono fornite solo al fine di facilitare la lettura e la comprensione delle versioni in inglese. La fornitura delle traduzioni di accordi e informative legali non ha come obiettivo quello di creare un contratto legalmente vincolante, n\u00e9 quello di sostituire la validit\u00e0 legale delle versioni in [&hellip;]<\/p>\n","protected":false},"author":1,"featured_media":0,"parent":0,"menu_order":0,"comment_status":"closed","ping_status":"closed","template":"","meta":{"_daextamp_enable_autolinks":"0","footnotes":""},"class_list":["post-184","page","type-page","status-publish","hentry"],"yoast_head":"<!-- This site is optimized with the Yoast SEO plugin v26.2 - https:\/\/yoast.com\/wordpress\/plugins\/seo\/ -->\n<title>Termini e condizioni - DAEXT<\/title>\n<meta name=\"description\" content=\"Questi sono i termini e le condizioni che regolano l\u2019utilizzo di questo servizio e l\u2019accordo che disciplina il rapporto tra te e la societ\u00e0.\" \/>\n<meta name=\"robots\" content=\"index, follow, max-snippet:-1, max-image-preview:large, max-video-preview:-1\" \/>\n<link rel=\"canonical\" href=\"https:\/\/daext.com\/it\/termini-e-condizioni\/\" \/>\n<meta property=\"og:locale\" content=\"it_IT\" \/>\n<meta property=\"og:type\" content=\"article\" \/>\n<meta property=\"og:title\" content=\"Termini e condizioni - DAEXT\" \/>\n<meta property=\"og:description\" content=\"Questi sono i termini e le condizioni che regolano l\u2019utilizzo di questo servizio e l\u2019accordo che disciplina il rapporto tra te e la societ\u00e0.\" \/>\n<meta property=\"og:url\" content=\"https:\/\/daext.com\/it\/termini-e-condizioni\/\" \/>\n<meta property=\"og:site_name\" content=\"DAEXT\" \/>\n<meta property=\"article:publisher\" content=\"https:\/\/www.facebook.com\/daextitalia\" \/>\n<meta property=\"article:modified_time\" content=\"2025-11-10T10:22:38+00:00\" \/>\n<meta name=\"twitter:card\" content=\"summary_large_image\" \/>\n<meta name=\"twitter:site\" content=\"@daext_it\" \/>\n<meta name=\"twitter:label1\" content=\"Tempo di lettura stimato\" \/>\n\t<meta name=\"twitter:data1\" content=\"7 minuti\" \/>\n<script type=\"application\/ld+json\" class=\"yoast-schema-graph\">{\"@context\":\"https:\/\/schema.org\",\"@graph\":[{\"@type\":\"WebPage\",\"@id\":\"https:\/\/daext.com\/it\/termini-e-condizioni\/\",\"url\":\"https:\/\/daext.com\/it\/termini-e-condizioni\/\",\"name\":\"Termini e condizioni - DAEXT\",\"isPartOf\":{\"@id\":\"https:\/\/daext.com\/it\/#website\"},\"datePublished\":\"2025-11-10T10:22:37+00:00\",\"dateModified\":\"2025-11-10T10:22:38+00:00\",\"description\":\"Questi sono i termini e le condizioni che regolano l\u2019utilizzo di questo servizio e l\u2019accordo che disciplina il rapporto tra te e la societ\u00e0.\",\"breadcrumb\":{\"@id\":\"https:\/\/daext.com\/it\/termini-e-condizioni\/#breadcrumb\"},\"inLanguage\":\"it-IT\",\"potentialAction\":[{\"@type\":\"ReadAction\",\"target\":[\"https:\/\/daext.com\/it\/termini-e-condizioni\/\"]}]},{\"@type\":\"BreadcrumbList\",\"@id\":\"https:\/\/daext.com\/it\/termini-e-condizioni\/#breadcrumb\",\"itemListElement\":[{\"@type\":\"ListItem\",\"position\":1,\"name\":\"Home\",\"item\":\"https:\/\/daext.com\/it\/\"},{\"@type\":\"ListItem\",\"position\":2,\"name\":\"Termini e condizioni\"}]},{\"@type\":\"WebSite\",\"@id\":\"https:\/\/daext.com\/it\/#website\",\"url\":\"https:\/\/daext.com\/it\/\",\"name\":\"DAEXT\",\"description\":\"Plugin WordPress Premium\",\"publisher\":{\"@id\":\"https:\/\/daext.com\/it\/#organization\"},\"potentialAction\":[{\"@type\":\"SearchAction\",\"target\":{\"@type\":\"EntryPoint\",\"urlTemplate\":\"https:\/\/daext.com\/it\/?s={search_term_string}\"},\"query-input\":{\"@type\":\"PropertyValueSpecification\",\"valueRequired\":true,\"valueName\":\"search_term_string\"}}],\"inLanguage\":\"it-IT\"},{\"@type\":\"Organization\",\"@id\":\"https:\/\/daext.com\/it\/#organization\",\"name\":\"DAEXT\",\"url\":\"https:\/\/daext.com\/it\/\",\"logo\":{\"@type\":\"ImageObject\",\"inLanguage\":\"it-IT\",\"@id\":\"https:\/\/daext.com\/it\/#\/schema\/logo\/image\/\",\"url\":\"https:\/\/daext.com\/it\/wp-content\/uploads\/2025\/10\/DAEXT.png\",\"contentUrl\":\"https:\/\/daext.com\/it\/wp-content\/uploads\/2025\/10\/DAEXT.png\",\"width\":696,\"height\":696,\"caption\":\"DAEXT\"},\"image\":{\"@id\":\"https:\/\/daext.com\/it\/#\/schema\/logo\/image\/\"},\"sameAs\":[\"https:\/\/www.facebook.com\/daextitalia\",\"https:\/\/x.com\/daext_it\",\"https:\/\/www.youtube.com\/@DAEXTItalia\"]}]}<\/script>\n<!-- \/ Yoast SEO plugin. -->","yoast_head_json":{"title":"Termini e condizioni - DAEXT","description":"Questi sono i termini e le condizioni che regolano l\u2019utilizzo di questo servizio e l\u2019accordo che disciplina il rapporto tra te e la societ\u00e0.","robots":{"index":"index","follow":"follow","max-snippet":"max-snippet:-1","max-image-preview":"max-image-preview:large","max-video-preview":"max-video-preview:-1"},"canonical":"https:\/\/daext.com\/it\/termini-e-condizioni\/","og_locale":"it_IT","og_type":"article","og_title":"Termini e condizioni - DAEXT","og_description":"Questi sono i termini e le condizioni che regolano l\u2019utilizzo di questo servizio e l\u2019accordo che disciplina il rapporto tra te e la societ\u00e0.","og_url":"https:\/\/daext.com\/it\/termini-e-condizioni\/","og_site_name":"DAEXT","article_publisher":"https:\/\/www.facebook.com\/daextitalia","article_modified_time":"2025-11-10T10:22:38+00:00","twitter_card":"summary_large_image","twitter_site":"@daext_it","twitter_misc":{"Tempo di lettura stimato":"7 minuti"},"schema":{"@context":"https:\/\/schema.org","@graph":[{"@type":"WebPage","@id":"https:\/\/daext.com\/it\/termini-e-condizioni\/","url":"https:\/\/daext.com\/it\/termini-e-condizioni\/","name":"Termini e condizioni - DAEXT","isPartOf":{"@id":"https:\/\/daext.com\/it\/#website"},"datePublished":"2025-11-10T10:22:37+00:00","dateModified":"2025-11-10T10:22:38+00:00","description":"Questi sono i termini e le condizioni che regolano l\u2019utilizzo di questo servizio e l\u2019accordo che disciplina il rapporto tra te e la societ\u00e0.","breadcrumb":{"@id":"https:\/\/daext.com\/it\/termini-e-condizioni\/#breadcrumb"},"inLanguage":"it-IT","potentialAction":[{"@type":"ReadAction","target":["https:\/\/daext.com\/it\/termini-e-condizioni\/"]}]},{"@type":"BreadcrumbList","@id":"https:\/\/daext.com\/it\/termini-e-condizioni\/#breadcrumb","itemListElement":[{"@type":"ListItem","position":1,"name":"Home","item":"https:\/\/daext.com\/it\/"},{"@type":"ListItem","position":2,"name":"Termini e condizioni"}]},{"@type":"WebSite","@id":"https:\/\/daext.com\/it\/#website","url":"https:\/\/daext.com\/it\/","name":"DAEXT","description":"Plugin WordPress Premium","publisher":{"@id":"https:\/\/daext.com\/it\/#organization"},"potentialAction":[{"@type":"SearchAction","target":{"@type":"EntryPoint","urlTemplate":"https:\/\/daext.com\/it\/?s={search_term_string}"},"query-input":{"@type":"PropertyValueSpecification","valueRequired":true,"valueName":"search_term_string"}}],"inLanguage":"it-IT"},{"@type":"Organization","@id":"https:\/\/daext.com\/it\/#organization","name":"DAEXT","url":"https:\/\/daext.com\/it\/","logo":{"@type":"ImageObject","inLanguage":"it-IT","@id":"https:\/\/daext.com\/it\/#\/schema\/logo\/image\/","url":"https:\/\/daext.com\/it\/wp-content\/uploads\/2025\/10\/DAEXT.png","contentUrl":"https:\/\/daext.com\/it\/wp-content\/uploads\/2025\/10\/DAEXT.png","width":696,"height":696,"caption":"DAEXT"},"image":{"@id":"https:\/\/daext.com\/it\/#\/schema\/logo\/image\/"},"sameAs":["https:\/\/www.facebook.com\/daextitalia","https:\/\/x.com\/daext_it","https:\/\/www.youtube.com\/@DAEXTItalia"]}]}},"_links":{"self":[{"href":"https:\/\/daext.com\/it\/wp-json\/wp\/v2\/pages\/184","targetHints":{"allow":["GET"]}}],"collection":[{"href":"https:\/\/daext.com\/it\/wp-json\/wp\/v2\/pages"}],"about":[{"href":"https:\/\/daext.com\/it\/wp-json\/wp\/v2\/types\/page"}],"author":[{"embeddable":true,"href":"https:\/\/daext.com\/it\/wp-json\/wp\/v2\/users\/1"}],"replies":[{"embeddable":true,"href":"https:\/\/daext.com\/it\/wp-json\/wp\/v2\/comments?post=184"}],"version-history":[{"count":14,"href":"https:\/\/daext.com\/it\/wp-json\/wp\/v2\/pages\/184\/revisions"}],"predecessor-version":[{"id":374,"href":"https:\/\/daext.com\/it\/wp-json\/wp\/v2\/pages\/184\/revisions\/374"}],"wp:attachment":[{"href":"https:\/\/daext.com\/it\/wp-json\/wp\/v2\/media?parent=184"}],"curies":[{"name":"wp","href":"https:\/\/api.w.org\/{rel}","templated":true}]}}